{"id":1020,"date":"2022-09-08T09:35:14","date_gmt":"2022-09-08T07:35:14","guid":{"rendered":"http:\/\/mspu66-avicenne.fr\/?page_id=1020"},"modified":"2025-06-11T09:52:01","modified_gmt":"2025-06-11T07:52:01","slug":"infirmier-en-pratique-avancee","status":"publish","type":"page","link":"https:\/\/mspu66-avicenne.fr\/?page_id=1020","title":{"rendered":"Nouveaux m\u00e9tiers"},"content":{"rendered":"\n<h2>Les nouveaux m\u00e9tiers en exercice coordonn\u00e9 \u00e0 la MSPU Avicenne<\/h2>\n\n\n\n<p>\u00c0 la MSP Universitaire Avicenne, nous croyons que la qualit\u00e9 des soins passe par une prise en charge pluriprofessionnelle, coordonn\u00e9e et innovante. C\u2019est pourquoi notre maison de sant\u00e9 int\u00e8gre de <strong>nouveaux m\u00e9tiers en sant\u00e9<\/strong>, aux c\u00f4t\u00e9s des m\u00e9decins, infirmiers, pharmaciens et autres professionnels.<\/p>\n\n\n\n<h3>\ud83d\udc69\u200d\u2695\ufe0f Infirmi\u00e8re en Pratique Avanc\u00e9e (IPA)<\/h3>\n\n\n\n<p>Notre IPA intervient en collaboration avec les m\u00e9decins g\u00e9n\u00e9ralistes pour le <strong>suivi de patients atteints de pathologies chroniques<\/strong>, notamment le diab\u00e8te, l\u2019hypertension ou les maladies respiratoires. Gr\u00e2ce \u00e0 une formation universitaire de niveau master, il peut r\u00e9aliser des consultations autonomes, ajuster des traitements, prescrire certains examens, et participer \u00e0 l\u2019\u00e9ducation th\u00e9rapeutique. Il joue un r\u00f4le essentiel dans l\u2019<strong>am\u00e9lioration de l&rsquo;acc\u00e8s aux soins<\/strong>, la <strong>pr\u00e9vention<\/strong> et la <strong>coordination des parcours<\/strong>.<\/p>\n\n\n\n<h3>\ud83e\udd1d Assistante M\u00e9dicale<\/h3>\n\n\n\n<p>L\u2019assistante m\u00e9dicale all\u00e8ge la charge administrative et logistique des m\u00e9decins : elle <strong>accueille les patients, pr\u00e9pare les consultations<\/strong>, assure le suivi administratif des dossiers, participe \u00e0 la <strong>gestion du cabinet<\/strong>, et contribue \u00e0 la fluidit\u00e9 de l\u2019organisation. Ce m\u00e9tier permet aux m\u00e9decins de se concentrer davantage sur leur c\u0153ur de m\u00e9tier : le soin. Elle est un <strong>maillon essentiel de l\u2019\u00e9quipe coordonn\u00e9e<\/strong> et participe \u00e9galement \u00e0 certaines actions de pr\u00e9vention.<\/p>\n","protected":false},"excerpt":{"rendered":"<p>Les nouveaux m\u00e9tiers en exercice coordonn\u00e9 \u00e0 la MSPU Avicenne \u00c0 la MSP Universitaire Avicenne, nous croyons que la qualit\u00e9 des soins passe par une&hellip;<\/p>\n","protected":false},"author":1,"featured_media":1023,"parent":0,"menu_order":0,"comment_status":"closed","ping_status":"closed","template":"","meta":[],"_links":{"self":[{"href":"https:\/\/mspu66-avicenne.fr\/index.php?rest_route=\/wp\/v2\/pages\/1020"}],"collection":[{"href":"https:\/\/mspu66-avicenne.fr\/index.php?rest_route=\/wp\/v2\/pages"}],"about":[{"href":"https:\/\/mspu66-avicenne.fr\/index.php?rest_route=\/wp\/v2\/types\/page"}],"author":[{"embeddable":true,"href":"https:\/\/mspu66-avicenne.fr\/index.php?rest_route=\/wp\/v2\/users\/1"}],"replies":[{"embeddable":true,"href":"https:\/\/mspu66-avicenne.fr\/index.php?rest_route=%2Fwp%2Fv2%2Fcomments&post=1020"}],"version-history":[{"count":2,"href":"https:\/\/mspu66-avicenne.fr\/index.php?rest_route=\/wp\/v2\/pages\/1020\/revisions"}],"predecessor-version":[{"id":1638,"href":"https:\/\/mspu66-avicenne.fr\/index.php?rest_route=\/wp\/v2\/pages\/1020\/revisions\/1638"}],"wp:featuredmedia":[{"embeddable":true,"href":"https:\/\/mspu66-avicenne.fr\/index.php?rest_route=\/wp\/v2\/media\/1023"}],"wp:attachment":[{"href":"https:\/\/mspu66-avicenne.fr\/index.php?rest_route=%2Fwp%2Fv2%2Fmedia&parent=1020"}],"curies":[{"name":"wp","href":"https:\/\/api.w.org\/{rel}","templated":true}]}}