{"id":1312,"date":"2023-10-02T12:18:47","date_gmt":"2023-10-02T10:18:47","guid":{"rendered":"http:\/\/mspu66-avicenne.fr\/?page_id=1312"},"modified":"2023-10-02T12:18:48","modified_gmt":"2023-10-02T10:18:48","slug":"icope","status":"publish","type":"page","link":"https:\/\/mspu66-avicenne.fr\/?page_id=1312","title":{"rendered":"ICOPE"},"content":{"rendered":"\n<p><strong>Limiter le nombre de personnes \u00e2g\u00e9es d\u00e9pendantes dans les ann\u00e9es \u00e0 venir est l\u2019un des enjeux majeurs de l\u2019Organisation Mondiale de la Sant\u00e9 (O.M.S) qui vient de publier le programme ICOPE (Soins Int\u00e9gr\u00e9s pour les Personnes \u00c2g\u00e9es) afin de r\u00e9pondre \u00e0 cet objectif.<\/strong><\/p>\n\n\n\n<p>Ce programme de sant\u00e9 publique (destin\u00e9 aux 60 ans et plus) consiste \u00e0 favoriser une approche int\u00e9gr\u00e9e de la sant\u00e9 qui prend en compte les&nbsp;6 capacit\u00e9s fonctionnelles essentielles de la personne, les pathologies associ\u00e9es, l\u2019environnement et le mode de vie avec pour objectif de d\u00e9velopper un plan de soins centr\u00e9 sur la personne, en consid\u00e9rant ses souhaits et ses aspirations. L\u2019accent est mis sur le fait que le patient est acteur de la prise en charge et du suivi.<\/p>\n\n\n\n<div class=\"wp-block-image\"><figure class=\"alignright\"><img src=\"https:\/\/www.cptsduval.fr\/wp-content\/uploads\/2023\/02\/fonctions-ICOPE.jpg\" alt=\"\"\/><\/figure><\/div>\n\n\n\n<p>L\u2019objectif du programme ICOPE est de permettre au plus grand nombre de vieillir en bonne sant\u00e9. Pour y parvenir, l\u2019O.M.S propose de suivre l\u2019\u00e9volution de la capacit\u00e9 intrins\u00e8que qui est l\u2019ensemble des&nbsp;capacit\u00e9s physiques et mentales d\u2019un individu recouvrant 6 domaines : mobilit\u00e9, m\u00e9moire, nutrition, \u00e9tat psychologique, vision, audition.<\/p>\n\n\n\n<p>Il se d\u00e9cline en 5 \u00e9tapes dits Steps :<\/p>\n\n\n\n<ul><li><strong>Step 1<\/strong>: D\u00e9pistage<\/li><li><strong>Step 2<\/strong>: Evaluation<\/li><li><strong>Step 3<\/strong>: Plan de soin personnalis\u00e9<\/li><li><strong>Step 4<\/strong>: Fl\u00e9chage du parcours de soins et suivi du plan d\u2019intervention<\/li><li><strong>Step 5<\/strong>: Implication des collectivit\u00e9s et soutien aux aidants<\/li><\/ul>\n\n\n\n<p>En tant que&nbsp;<strong>Centre Collaborateur de l\u2019O.M.S pour la Fragilit\u00e9, la Recherche Clinique et la formation en G\u00e9riatrie, le G\u00e9rontop\u00f4le du CHU de Toulouse<\/strong>&nbsp;impl\u00e9mente le programme ICOPE dans la&nbsp;<strong>R\u00e9gion Occitanie \u2013 Pyr\u00e9n\u00e9es \/ M\u00e9diterran\u00e9e<\/strong>&nbsp;avec pour objectif d\u2019\u00e9valuer 200 000 s\u00e9niors d\u2019ici 5 ans et de promouvoir le vieillissement en bonne sant\u00e9 en s\u2019appuyant sur des outils num\u00e9riques. Le G\u00e9rontop\u00f4le a d\u00e9velopp\u00e9 deux supports digitaux pour faciliter la r\u00e9alisation du Step1. L\u2019application&nbsp;<a href=\"https:\/\/inspire.chu-toulouse.fr\/fr\/outils-digitaux\/\">ICOPE MONITOR<\/a>&nbsp;(d\u00e9riv\u00e9e de l\u2019application ICOPE de l\u2019O.M.S) et le robot conversationnel&nbsp;<a href=\"https:\/\/icopebot.botdesign.net\/\">ICOPEBOT<\/a>.<\/p>\n\n\n\n<div class=\"wp-block-image\"><figure class=\"alignleft\"><img src=\"https:\/\/www.cptsduval.fr\/wp-content\/uploads\/2023\/02\/ICOPE-Monitor.jpg\" alt=\"\"\/><\/figure><\/div>\n\n\n\n<p>L\u2019application mobile ICOPE MONITOR, est t\u00e9l\u00e9chargeable gratuitement pour les professionnels de sant\u00e9 et toute personne form\u00e9e \u00e0 son utilisation y compris en auto-\u00e9valuation. Elle permet de suivre les fonctions essentielles de l\u2019individu et s\u2019adresse aussi bien aux seniors qu\u2019aux personnes plus jeunes int\u00e9ress\u00e9es par le suivi de leurs fonctions et la pr\u00e9vention.<\/p>\n\n\n\n<p>Si vous souhaitez en savoir plus sur ces outils, et comment les utiliser, c\u2019est tr\u00e8s simple&nbsp;<a href=\"https:\/\/inspire.chu-toulouse.fr\/fr\/pour-les-participants\/\">cliquez ici<\/a>.<\/p>\n\n\n\n<p>La MSP Universitaire Avicenne a int\u00e9gr\u00e9 l\u2019exp\u00e9rimentation ICOPE depuis 2021 et a sign\u00e9 une convention pour l\u2019animation territoriale du dispositif sur le territoire de la future CPTS Ruscino: promotion,\u00a0accompagnement,\u00a0formations,\u00a0\u00e9changes\u00a0et\u00a0partages d\u2019exp\u00e9riences, int\u00e9gration aux\u00a0parcours de soins,\u00a0ateliers\u00a0pour les seniors\u2026<\/p>\n\n\n\n<p>La MSP universitaire Avicenne propose des ateliers pour int\u00e9grer ICOPE dans les pratiques des professionnels et dans le quotidien des seniors pour \u00eatre acteurs de leur suivi.<\/p>\n\n\n\n<p>Les \u00e9valuations sont r\u00e9mun\u00e9r\u00e9es pour tous les professionnels de sant\u00e9* form\u00e9s ayant adh\u00e9r\u00e9 et conventionn\u00e9 avec le G\u00e9rontop\u00f4le.<\/p>\n\n\n\n<p>Vous souhaitez vous former au programme ICOPE? R\u00e9actualiser vos connaissances? Organiser un atelier dans votre cabinet ou votre officine?&nbsp; Pour le Club Seniors ou la mairie de votre commune?<\/p>\n\n\n\n<p>Contactez nos animateurs ICOPE:\u00a0<em>msp.avicenne@gmail.com<\/em><\/p>\n\n\n\n<p><em>*professionnels de sant\u00e9 inscrits au Code de la Sant\u00e9 Publique.<\/em><\/p>\n","protected":false},"excerpt":{"rendered":"<p>Limiter le nombre de personnes \u00e2g\u00e9es d\u00e9pendantes dans les ann\u00e9es \u00e0 venir est l\u2019un des enjeux majeurs de l\u2019Organisation Mondiale de la Sant\u00e9 (O.M.S) qui&hellip;<\/p>\n","protected":false},"author":1,"featured_media":0,"parent":0,"menu_order":0,"comment_status":"closed","ping_status":"closed","template":"","meta":[],"_links":{"self":[{"href":"https:\/\/mspu66-avicenne.fr\/index.php?rest_route=\/wp\/v2\/pages\/1312"}],"collection":[{"href":"https:\/\/mspu66-avicenne.fr\/index.php?rest_route=\/wp\/v2\/pages"}],"about":[{"href":"https:\/\/mspu66-avicenne.fr\/index.php?rest_route=\/wp\/v2\/types\/page"}],"author":[{"embeddable":true,"href":"https:\/\/mspu66-avicenne.fr\/index.php?rest_route=\/wp\/v2\/users\/1"}],"replies":[{"embeddable":true,"href":"https:\/\/mspu66-avicenne.fr\/index.php?rest_route=%2Fwp%2Fv2%2Fcomments&post=1312"}],"version-history":[{"count":1,"href":"https:\/\/mspu66-avicenne.fr\/index.php?rest_route=\/wp\/v2\/pages\/1312\/revisions"}],"predecessor-version":[{"id":1313,"href":"https:\/\/mspu66-avicenne.fr\/index.php?rest_route=\/wp\/v2\/pages\/1312\/revisions\/1313"}],"wp:attachment":[{"href":"https:\/\/mspu66-avicenne.fr\/index.php?rest_route=%2Fwp%2Fv2%2Fmedia&parent=1312"}],"curies":[{"name":"wp","href":"https:\/\/api.w.org\/{rel}","templated":true}]}}