{"id":359,"date":"2021-03-16T17:02:57","date_gmt":"2021-03-16T16:02:57","guid":{"rendered":"http:\/\/mspu66-avicenne.fr\/?page_id=359"},"modified":"2025-05-24T08:09:39","modified_gmt":"2025-05-24T06:09:39","slug":"accueil","status":"publish","type":"page","link":"https:\/\/mspu66-avicenne.fr\/","title":{"rendered":""},"content":{"rendered":"\n<h2><strong>Bienvenue \u00e0 la MSPU Avicenne<\/strong><\/h2>\n\n\n\n<p><strong>Un lieu de soins, de formation et de recherche au c\u0153ur du territoire<\/strong><\/p>\n\n\n\n<div class=\"wp-block-image\"><figure class=\"alignright size-large is-resized\"><img loading=\"lazy\" src=\"http:\/\/mspu66-avicenne.fr\/wp-content\/uploads\/2021\/03\/mspuu-2.jpg\" alt=\"\" class=\"wp-image-360\" width=\"316\" height=\"216\" srcset=\"https:\/\/mspu66-avicenne.fr\/wp-content\/uploads\/2021\/03\/mspuu-2.jpg 434w, https:\/\/mspu66-avicenne.fr\/wp-content\/uploads\/2021\/03\/mspuu-2-300x205.jpg 300w\" sizes=\"(max-width: 316px) 100vw, 316px\" \/><\/figure><\/div>\n\n\n\n<p>La <strong>Maison de Sant\u00e9 Pluriprofessionnelle Universitaire Avicenne<\/strong> r\u00e9unit une <strong>\u00e9quipe engag\u00e9e de plus de 50 professionnels de sant\u00e9<\/strong> qui travaillent ensemble pour offrir des soins coordonn\u00e9s, humains et de qualit\u00e9.<\/p>\n\n\n\n<p>Ancr\u00e9e dans une <strong>d\u00e9marche collaborative<\/strong> via sa <strong>Soci\u00e9t\u00e9 Interprofessionnelle de Soins Ambulatoires (SISA)<\/strong>, la MSPU fonctionne de mani\u00e8re autonome et agile, sous la responsabilit\u00e9 d\u2019un <strong>g\u00e9rant-coordonnateur<\/strong>. Ce mod\u00e8le favorise l\u2019innovation, la transversalit\u00e9 et la r\u00e9activit\u00e9 face aux besoins du territoire.<\/p>\n\n\n\n<p><strong>P\u00f4le universitaire de r\u00e9f\u00e9rence<\/strong>, la MSPU Avicenne est \u00e9troitement li\u00e9e au <strong>D\u00e9partement Universitaire de M\u00e9decine G\u00e9n\u00e9rale de Montpellier-N\u00eemes<\/strong>. Elle forme chaque ann\u00e9e de nombreux \u00e9tudiants en sant\u00e9 et s\u2019investit activement dans <strong>la recherche en soins primaires<\/strong>.<\/p>\n\n\n\n<p>Soutenue par l\u2019<strong>Agence R\u00e9gionale de Sant\u00e9 Occitanie<\/strong>, la MSPU m\u00e8ne des <strong>actions de sant\u00e9 publique<\/strong>, coordonne des <strong>r\u00e9unions pluriprofessionnelles<\/strong>, d\u00e9veloppe des <strong>protocoles partag\u00e9s<\/strong>, utilise un <strong>syst\u00e8me informatique collaboratif<\/strong> et \u0153uvre chaque jour pour une <strong>prise en charge globale et accessible<\/strong> des patients.<\/p>\n\n\n\n<div class=\"wp-block-image\"><figure class=\"aligncenter size-full\"><a href=\"https:\/\/mg.mspu66-avicenne.fr\/\"><img loading=\"lazy\" width=\"374\" height=\"51\" src=\"http:\/\/mspu66-avicenne.fr\/wp-content\/uploads\/2024\/05\/Capture-decran-2024-05-13-100809.png\" alt=\"\" class=\"wp-image-1435\" srcset=\"https:\/\/mspu66-avicenne.fr\/wp-content\/uploads\/2024\/05\/Capture-decran-2024-05-13-100809.png 374w, https:\/\/mspu66-avicenne.fr\/wp-content\/uploads\/2024\/05\/Capture-decran-2024-05-13-100809-300x41.png 300w\" sizes=\"(max-width: 374px) 100vw, 374px\" \/><\/a><\/figure><\/div>\n\n\n\n<p class=\"has-text-align-center has-vivid-red-color has-text-color\"><strong>ATTENTION<\/strong><\/p>\n\n\n\n<p class=\"has-text-align-center has-vivid-red-color has-text-color\"><strong>Consultation m\u00e9decine g\u00e9n\u00e9rale : En raison de la forte demande m\u00e9dicale dans notre secteur, nous ne sommes malheureusement plus en mesure d&rsquo;accueillir de nouveaux patients ni de recevoir des patients sans m\u00e9decin traitant dans notre centre. Merci de votre compr\u00e9hension.<\/strong><\/p>\n\n\n\n<p><\/p>\n\n\n\n<div class=\"wp-block-image\"><figure class=\"aligncenter size-full is-resized\"><img loading=\"lazy\" src=\"https:\/\/mspu66-avicenne.fr\/wp-content\/uploads\/2025\/05\/image-1.png\" alt=\"\" class=\"wp-image-1605\" width=\"683\" height=\"235\" srcset=\"https:\/\/mspu66-avicenne.fr\/wp-content\/uploads\/2025\/05\/image-1.png 683w, https:\/\/mspu66-avicenne.fr\/wp-content\/uploads\/2025\/05\/image-1-300x103.png 300w\" sizes=\"(max-width: 683px) 100vw, 683px\" \/><\/figure><\/div>\n","protected":false},"excerpt":{"rendered":"<p>Bienvenue \u00e0 la MSPU Avicenne Un lieu de soins, de formation et de recherche au c\u0153ur du territoire La Maison de Sant\u00e9 Pluriprofessionnelle Universitaire Avicenne&hellip;<\/p>\n","protected":false},"author":1,"featured_media":0,"parent":0,"menu_order":0,"comment_status":"closed","ping_status":"closed","template":"","meta":[],"_links":{"self":[{"href":"https:\/\/mspu66-avicenne.fr\/index.php?rest_route=\/wp\/v2\/pages\/359"}],"collection":[{"href":"https:\/\/mspu66-avicenne.fr\/index.php?rest_route=\/wp\/v2\/pages"}],"about":[{"href":"https:\/\/mspu66-avicenne.fr\/index.php?rest_route=\/wp\/v2\/types\/page"}],"author":[{"embeddable":true,"href":"https:\/\/mspu66-avicenne.fr\/index.php?rest_route=\/wp\/v2\/users\/1"}],"replies":[{"embeddable":true,"href":"https:\/\/mspu66-avicenne.fr\/index.php?rest_route=%2Fwp%2Fv2%2Fcomments&post=359"}],"version-history":[{"count":22,"href":"https:\/\/mspu66-avicenne.fr\/index.php?rest_route=\/wp\/v2\/pages\/359\/revisions"}],"predecessor-version":[{"id":1607,"href":"https:\/\/mspu66-avicenne.fr\/index.php?rest_route=\/wp\/v2\/pages\/359\/revisions\/1607"}],"wp:attachment":[{"href":"https:\/\/mspu66-avicenne.fr\/index.php?rest_route=%2Fwp%2Fv2%2Fmedia&parent=359"}],"curies":[{"name":"wp","href":"https:\/\/api.w.org\/{rel}","templated":true}]}}