{"id":412,"date":"2021-03-19T09:50:50","date_gmt":"2021-03-19T08:50:50","guid":{"rendered":"http:\/\/mspu66-avicenne.fr\/?page_id=412"},"modified":"2025-05-28T17:05:04","modified_gmt":"2025-05-28T15:05:04","slug":"labelisation-universitaire","status":"publish","type":"page","link":"https:\/\/mspu66-avicenne.fr\/?page_id=412","title":{"rendered":"Labellisation Universitaire"},"content":{"rendered":"\n<p><strong><em>Les MSPU&nbsp;: la facult\u00e9 dans les territoires<\/em><\/strong><\/p>\n\n\n\n<h3>La labellisation \u00ab universitaire \u00bb de la MSPU Avicenne r\u00e9sulte d\u2019un partenariat formalis\u00e9 entre l\u2019Agence R\u00e9gionale de Sant\u00e9 Occitanie, le D\u00e9partement Universitaire de M\u00e9decine G\u00e9n\u00e9rale (DUMG) de Montpellier-N\u00eemes et la MSPU Avicenne.<\/h3>\n\n\n\n<p>En 2018, la MSPU Avicenne \u00e0 Cabestany (66) et la MSPU La Providence \u00e0 Toulouse (31) ont \u00e9t\u00e9 les deux premi\u00e8res maisons de sant\u00e9 en Occitanie \u00e0 recevoir ce label. Depuis, deux autres structures ont vu le jour sous l\u2019impulsion de membres du DUMG de Montpellier-N\u00eemes : la MSPU La Source \u00e0 Verg\u00e8ze (30) et la MSPU Pauline Lautaud \u00e0 Saint-Georges-d\u2019Orques (34).<\/p>\n\n\n\n<p>La MSP Universitaire Avicenne agit comme un v\u00e9ritable relais territorial du DUMG. Elle a pour mission de promouvoir la <strong>formation<\/strong> et la <strong>recherche en soins primaires<\/strong>, tout en s\u2019inscrivant pleinement dans les dynamiques de sant\u00e9 publique port\u00e9es par l\u2019ARS.<\/p>\n\n\n\n<p>Elle r\u00e9pond r\u00e9guli\u00e8rement \u00e0 des appels \u00e0 projets r\u00e9gionaux et d\u00e9veloppe des <strong>formations universitaires interprofessionnelles<\/strong>, dans une logique de mont\u00e9e en comp\u00e9tence des soignants. Ces actions participent directement \u00e0 l\u2019am\u00e9lioration de la qualit\u00e9 des soins gr\u00e2ce au <strong>partage des savoirs et des pratiques<\/strong>.<\/p>\n\n\n\n<p>Enfin, la MSPU Avicenne s\u2019engage dans une approche inclusive, en int\u00e9grant les patients dans toutes ses activit\u00e9s \u2013 soins, \u00e9ducation th\u00e9rapeutique, enseignement et recherche \u2013 afin de contribuer activement \u00e0 l\u2019enjeu majeur qu\u2019est <strong>la d\u00e9mocratie sanitaire<\/strong>.<\/p>\n\n\n\n<div class=\"wp-block-image\"><figure class=\"aligncenter size-large is-resized\"><img loading=\"lazy\" src=\"http:\/\/mspu66-avicenne.fr\/wp-content\/uploads\/2021\/03\/MSPU-UU.jpg\" alt=\"\" class=\"wp-image-413\" width=\"481\" height=\"361\" srcset=\"https:\/\/mspu66-avicenne.fr\/wp-content\/uploads\/2021\/03\/MSPU-UU.jpg 788w, https:\/\/mspu66-avicenne.fr\/wp-content\/uploads\/2021\/03\/MSPU-UU-300x225.jpg 300w, https:\/\/mspu66-avicenne.fr\/wp-content\/uploads\/2021\/03\/MSPU-UU-768x576.jpg 768w\" sizes=\"(max-width: 481px) 100vw, 481px\" \/><figcaption>M. OUDE ENGBERINK Mark (g\u00e9rant-coordonnateur MSPU), <br>Dr. OUDE ENGBERINK Agn\u00e8s (Ma\u00eetre de Conf\u00e9rences des Universit\u00e9s ),<br>Dr. LOGNOS B\u00e9atrice (Ma\u00eetre de Conf\u00e9rences des Universit\u00e9s), <br>Dr. CARBONNEL Fran\u00e7ois (Ma\u00eetre de Conf\u00e9rences des Universit\u00e9s),<br> Pr. AMOUYAL Michel (Directeur du D\u00e9partement Universitaire de M\u00e9decine G\u00e9n\u00e9rale) et<br> Pr. BOURREL G\u00e9rard (Initiateur de l&rsquo;universitation en M\u00e9decine G\u00e9n\u00e9rale).<\/figcaption><\/figure><\/div>\n\n\n\n<p><strong><em>Internes et stagiaires<\/em><\/strong><\/p>\n\n\n\n<p>Les professionnels de sant\u00e9 de la MSPU Avicenne ont acquis des connaissances sp\u00e9cifiques et des comp\u00e9tences n\u00e9cessaires, correspondant \u00e0 la couverture des besoins en formation des \u00e9tudiants se destinant aux soins premiers. La MSPU Avicenne s\u2019engage \u00e0 accueillir r\u00e9guli\u00e8rement des \u00e9tudiants :<\/p>\n\n\n\n<ul><li>Accueil d\u2019au moins un \u00e9tudiant de Deuxi\u00e8me Cycle en M\u00e9decine, de fa\u00e7on r\u00e9guli\u00e8re.<\/li><li>Accueil d\u2019au moins deux \u00e9tudiants de Troisi\u00e8me Cycle en stage de M\u00e9decine G\u00e9n\u00e9rale de fa\u00e7on r\u00e9guli\u00e8re.<\/li><li>Accueil d\u2019autres professionnels en formation (par exemple \u00e9tudiants en pharmacie, \u00e9tudiants en soins infirmiers et soins infirmiers en pratique avanc\u00e9e, \u00e9tudiants secr\u00e9taire m\u00e9dicale \u2026).<\/li><\/ul>\n","protected":false},"excerpt":{"rendered":"<p>Les MSPU&nbsp;: la facult\u00e9 dans les territoires La labellisation \u00ab universitaire \u00bb de la MSPU Avicenne r\u00e9sulte d\u2019un partenariat formalis\u00e9 entre l\u2019Agence R\u00e9gionale de Sant\u00e9&hellip;<\/p>\n","protected":false},"author":1,"featured_media":0,"parent":0,"menu_order":0,"comment_status":"closed","ping_status":"closed","template":"","meta":[],"_links":{"self":[{"href":"https:\/\/mspu66-avicenne.fr\/index.php?rest_route=\/wp\/v2\/pages\/412"}],"collection":[{"href":"https:\/\/mspu66-avicenne.fr\/index.php?rest_route=\/wp\/v2\/pages"}],"about":[{"href":"https:\/\/mspu66-avicenne.fr\/index.php?rest_route=\/wp\/v2\/types\/page"}],"author":[{"embeddable":true,"href":"https:\/\/mspu66-avicenne.fr\/index.php?rest_route=\/wp\/v2\/users\/1"}],"replies":[{"embeddable":true,"href":"https:\/\/mspu66-avicenne.fr\/index.php?rest_route=%2Fwp%2Fv2%2Fcomments&post=412"}],"version-history":[{"count":19,"href":"https:\/\/mspu66-avicenne.fr\/index.php?rest_route=\/wp\/v2\/pages\/412\/revisions"}],"predecessor-version":[{"id":1618,"href":"https:\/\/mspu66-avicenne.fr\/index.php?rest_route=\/wp\/v2\/pages\/412\/revisions\/1618"}],"wp:attachment":[{"href":"https:\/\/mspu66-avicenne.fr\/index.php?rest_route=%2Fwp%2Fv2%2Fmedia&parent=412"}],"curies":[{"name":"wp","href":"https:\/\/api.w.org\/{rel}","templated":true}]}}