{"id":449,"date":"2021-03-26T09:49:53","date_gmt":"2021-03-26T08:49:53","guid":{"rendered":"http:\/\/mspu66-avicenne.fr\/?page_id=449"},"modified":"2025-05-22T11:17:55","modified_gmt":"2025-05-22T09:17:55","slug":"cpts","status":"publish","type":"page","link":"https:\/\/mspu66-avicenne.fr\/?page_id=449","title":{"rendered":"Nos axes de travail"},"content":{"rendered":"\n<p>La <strong>MSPU Avicenne<\/strong> est un lieu de soins, d\u2019\u00e9changes et d\u2019innovation, au c\u0153ur du territoire. Sa particularit\u00e9 : associer <strong>soins<\/strong>, <strong>formation des professionnels de sant\u00e9<\/strong> et <strong>recherche en sant\u00e9 de proximit\u00e9<\/strong>, dans une dynamique pleinement pluriprofessionnelle.<\/p>\n\n\n\n<h4>\ud83e\ude7a Une mission de soins ancr\u00e9e dans le territoire<\/h4>\n\n\n\n<p>La MSPU Avicenne regroupe des professionnels de sant\u00e9 qui travaillent ensemble pour assurer une <strong>prise en charge globale, coordonn\u00e9e et continue<\/strong> des patients. Elle s\u2019attache particuli\u00e8rement \u00e0 r\u00e9pondre aux besoins des populations les plus vuln\u00e9rables et \u00e0 d\u00e9velopper des actions de pr\u00e9vention cibl\u00e9es, en lien avec les probl\u00e9matiques locales (chronicit\u00e9, pr\u00e9carit\u00e9, sant\u00e9 environnementale\u2026).<\/p>\n\n\n\n<h4>\ud83c\udf93 Un lieu de formation universitaire en sant\u00e9<\/h4>\n\n\n\n<p>Avicenne est labellis\u00e9e <strong>Maison de Sant\u00e9 Universitaire<\/strong> : elle accueille des <strong>\u00e9tudiants en m\u00e9decine, en soins infirmiers et d\u2019autres fili\u00e8res param\u00e9dicales<\/strong>, dans une logique d\u2019apprentissage interprofessionnel.<br>L\u2019objectif est de <strong>former les soignants de demain<\/strong> dans un environnement ancr\u00e9 dans la r\u00e9alit\u00e9 du terrain, en valorisant la collaboration entre les professions, la communication avec les patients et les comp\u00e9tences de coordination.<\/p>\n\n\n\n<h4>\ud83d\udd2c Une dynamique de recherche en soins primaires<\/h4>\n\n\n\n<p>Enfin, la MSPU s\u2019implique dans des projets de <strong>recherche<\/strong>, en lien avec les universit\u00e9s, les patients et les institutions. Elle d\u00e9veloppe notamment des protocoles innovants autour de la sant\u00e9 publique, de l\u2019\u00e9ducation th\u00e9rapeutique, ou encore de la qualit\u00e9 des parcours de soins.<br>Cette activit\u00e9 contribue \u00e0 <strong>am\u00e9liorer les pratiques professionnelles<\/strong>, \u00e0 produire des connaissances utiles au syst\u00e8me de sant\u00e9, et \u00e0 <strong>valoriser les sp\u00e9cificit\u00e9s de l\u2019exercice coordonn\u00e9 de ville<\/strong>.<\/p>\n\n\n\n<p><\/p>\n\n\n\n<figure class=\"wp-block-image size-full\"><img loading=\"lazy\" width=\"742\" height=\"627\" src=\"https:\/\/mspu66-avicenne.fr\/wp-content\/uploads\/2025\/05\/image.png\" alt=\"\" class=\"wp-image-1597\" srcset=\"https:\/\/mspu66-avicenne.fr\/wp-content\/uploads\/2025\/05\/image.png 742w, https:\/\/mspu66-avicenne.fr\/wp-content\/uploads\/2025\/05\/image-300x254.png 300w\" sizes=\"(max-width: 742px) 100vw, 742px\" \/><\/figure>\n","protected":false},"excerpt":{"rendered":"<p>La MSPU Avicenne est un lieu de soins, d\u2019\u00e9changes et d\u2019innovation, au c\u0153ur du territoire. Sa particularit\u00e9 : associer soins, formation des professionnels de sant\u00e9&hellip;<\/p>\n","protected":false},"author":1,"featured_media":0,"parent":0,"menu_order":0,"comment_status":"closed","ping_status":"closed","template":"","meta":[],"_links":{"self":[{"href":"https:\/\/mspu66-avicenne.fr\/index.php?rest_route=\/wp\/v2\/pages\/449"}],"collection":[{"href":"https:\/\/mspu66-avicenne.fr\/index.php?rest_route=\/wp\/v2\/pages"}],"about":[{"href":"https:\/\/mspu66-avicenne.fr\/index.php?rest_route=\/wp\/v2\/types\/page"}],"author":[{"embeddable":true,"href":"https:\/\/mspu66-avicenne.fr\/index.php?rest_route=\/wp\/v2\/users\/1"}],"replies":[{"embeddable":true,"href":"https:\/\/mspu66-avicenne.fr\/index.php?rest_route=%2Fwp%2Fv2%2Fcomments&post=449"}],"version-history":[{"count":18,"href":"https:\/\/mspu66-avicenne.fr\/index.php?rest_route=\/wp\/v2\/pages\/449\/revisions"}],"predecessor-version":[{"id":1598,"href":"https:\/\/mspu66-avicenne.fr\/index.php?rest_route=\/wp\/v2\/pages\/449\/revisions\/1598"}],"wp:attachment":[{"href":"https:\/\/mspu66-avicenne.fr\/index.php?rest_route=%2Fwp%2Fv2%2Fmedia&parent=449"}],"curies":[{"name":"wp","href":"https:\/\/api.w.org\/{rel}","templated":true}]}}