{"id":555,"date":"2021-07-13T10:25:17","date_gmt":"2021-07-13T08:25:17","guid":{"rendered":"http:\/\/mspu66-avicenne.fr\/?page_id=555"},"modified":"2025-02-07T15:34:13","modified_gmt":"2025-02-07T14:34:13","slug":"prise-de-rdv","status":"publish","type":"page","link":"https:\/\/mspu66-avicenne.fr\/?page_id=555","title":{"rendered":"Prendre RDV en ligne"},"content":{"rendered":"\n<h2 class=\"has-text-align-center\">M\u00e9decine G\u00e9n\u00e9rale<\/h2>\n\n\n\n<p><strong>Il est possible de prendre rendez-vous via le module agenda ci-dessous avec un m\u00e9decin g\u00e9n\u00e9raliste du Centre de M\u00e9decine G\u00e9n\u00e9rale Avicenne, 2 Rue Ibn Sina\u00ef dit Avicenne &#8211; 66330 CABESTANY. <\/strong><\/p>\n\n\n\n<div class=\"wp-block-image\"><figure class=\"aligncenter size-full\"><a href=\"https:\/\/mg.mspu66-avicenne.fr\/\"><img loading=\"lazy\" width=\"374\" height=\"51\" src=\"https:\/\/mspu66-avicenne.fr\/wp-content\/uploads\/2024\/05\/Capture-decran-2024-05-13-100809.png\" alt=\"\" class=\"wp-image-1435\" srcset=\"https:\/\/mspu66-avicenne.fr\/wp-content\/uploads\/2024\/05\/Capture-decran-2024-05-13-100809.png 374w, https:\/\/mspu66-avicenne.fr\/wp-content\/uploads\/2024\/05\/Capture-decran-2024-05-13-100809-300x41.png 300w\" sizes=\"(max-width: 374px) 100vw, 374px\" \/><\/a><\/figure><\/div>\n\n\n\n<p><\/p>\n\n\n\n<h2 class=\"has-text-align-center\">M\u00e9decin du sport<\/h2>\n\n\n\n<p><strong>Il est possible de prendre rendez-vous via le module agenda ci-dessous avec Monsieur Thomas Pyneeandee, m\u00e9decin du sport, 2 Rue Ibn Sina\u00ef dit Avicenne &#8211; 66330 CABESTANY. <\/strong><\/p>\n\n\n\n<div class=\"wp-block-image\"><figure class=\"aligncenter size-full\"><a href=\"http:\/\/medecinesportavicenne66.prendreunrendezvous.fr\/\"><img loading=\"lazy\" width=\"374\" height=\"51\" src=\"https:\/\/mspu66-avicenne.fr\/wp-content\/uploads\/2024\/05\/Capture-decran-2024-05-13-100809.png\" alt=\"\" class=\"wp-image-1435\" srcset=\"https:\/\/mspu66-avicenne.fr\/wp-content\/uploads\/2024\/05\/Capture-decran-2024-05-13-100809.png 374w, https:\/\/mspu66-avicenne.fr\/wp-content\/uploads\/2024\/05\/Capture-decran-2024-05-13-100809-300x41.png 300w\" sizes=\"(max-width: 374px) 100vw, 374px\" \/><\/a><\/figure><\/div>\n\n\n\n<h2 class=\"has-text-align-center\">Podologie<\/h2>\n\n\n\n<p><strong>Il est possible de prendre rendez-vous via le module agenda ci-dessous avec notre p\u00e9dicure-podologue M. Patrick ROMAN, 4 Rue Ibn Sina\u00ef dit Avicenne &#8211; 66330 CABESTANY. <\/strong><\/p>\n\n\n<p><script type=\"text\/javascript\" src=\"\/\/clicrdv-assets.s3.amazonaws.com\/lib\/clicrdv-widgets-v1\/clicrdv-widgets-min.js\"><\/script> <script type=\"text\/javascript\">CLICRDV.renderWidget('iframe','cabinet-de-pedicure-podologue-de-m-roman',{\"size\":[1200,750],\"new_user\":false});<\/script><\/p>\n\n\n\n<h2 class=\"has-text-align-center\">Oncologie<\/h2>\n\n\n\n<p><strong>Il est possible de prendre rendez-vous avec notre oncologue Dr. St\u00e9phanie CATALA via <a href=\"https:\/\/www.doctolib.fr\/cancerologue\/cabestany\/stephanie-catala\" target=\"_blank\" rel=\"noreferrer noopener\">Doctolib<\/a>. <\/strong><\/p>\n\n\n\n<div class=\"wp-block-image\"><figure class=\"aligncenter size-large is-resized\"><a href=\"https:\/\/www.doctolib.fr\/cancerologue\/cabestany\/stephanie-catala\" target=\"_blank\" rel=\"noopener\"><img loading=\"lazy\" src=\"http:\/\/mspu66-avicenne.fr\/wp-content\/uploads\/2021\/09\/doctolib.png\" alt=\"\" class=\"wp-image-662\" width=\"119\" height=\"56\"\/><\/a><figcaption>Doctolib Dr. St\u00e9phanie CATALA<\/figcaption><\/figure><\/div>\n","protected":false},"excerpt":{"rendered":"<p>M\u00e9decine G\u00e9n\u00e9rale Il est possible de prendre rendez-vous via le module agenda ci-dessous avec un m\u00e9decin g\u00e9n\u00e9raliste du Centre de M\u00e9decine G\u00e9n\u00e9rale Avicenne, 2 Rue&hellip;<\/p>\n","protected":false},"author":1,"featured_media":0,"parent":0,"menu_order":0,"comment_status":"closed","ping_status":"closed","template":"","meta":[],"_links":{"self":[{"href":"https:\/\/mspu66-avicenne.fr\/index.php?rest_route=\/wp\/v2\/pages\/555"}],"collection":[{"href":"https:\/\/mspu66-avicenne.fr\/index.php?rest_route=\/wp\/v2\/pages"}],"about":[{"href":"https:\/\/mspu66-avicenne.fr\/index.php?rest_route=\/wp\/v2\/types\/page"}],"author":[{"embeddable":true,"href":"https:\/\/mspu66-avicenne.fr\/index.php?rest_route=\/wp\/v2\/users\/1"}],"replies":[{"embeddable":true,"href":"https:\/\/mspu66-avicenne.fr\/index.php?rest_route=%2Fwp%2Fv2%2Fcomments&post=555"}],"version-history":[{"count":35,"href":"https:\/\/mspu66-avicenne.fr\/index.php?rest_route=\/wp\/v2\/pages\/555\/revisions"}],"predecessor-version":[{"id":1581,"href":"https:\/\/mspu66-avicenne.fr\/index.php?rest_route=\/wp\/v2\/pages\/555\/revisions\/1581"}],"wp:attachment":[{"href":"https:\/\/mspu66-avicenne.fr\/index.php?rest_route=%2Fwp%2Fv2%2Fmedia&parent=555"}],"curies":[{"name":"wp","href":"https:\/\/api.w.org\/{rel}","templated":true}]}}