{"id":580,"date":"2021-07-20T11:49:15","date_gmt":"2021-07-20T09:49:15","guid":{"rendered":"http:\/\/mspu66-avicenne.fr\/?page_id=580"},"modified":"2025-05-28T17:02:20","modified_gmt":"2025-05-28T15:02:20","slug":"appel-a-projets-en-cours","status":"publish","type":"page","link":"https:\/\/mspu66-avicenne.fr\/?page_id=580","title":{"rendered":"Nos projets"},"content":{"rendered":"\n<p>La MSPU Avicenne r\u00e9pond r\u00e9guli\u00e8rement aux appels \u00e0 projet (ARS, CNAM, IRESP, IRAPS, etc.). Nos projets sont r\u00e9alis\u00e9s autour de quatre axes:<\/p>\n\n\n\n<ul><li>soins<\/li><li>formation<\/li><li>recherche<\/li><li>d\u00e9marche qualit\u00e9<\/li><\/ul>\n\n\n\n<figure class=\"wp-block-image size-full\"><img loading=\"lazy\" width=\"942\" height=\"533\" src=\"https:\/\/mspu66-avicenne.fr\/wp-content\/uploads\/2025\/05\/image-2.png\" alt=\"\" class=\"wp-image-1614\" srcset=\"https:\/\/mspu66-avicenne.fr\/wp-content\/uploads\/2025\/05\/image-2.png 942w, https:\/\/mspu66-avicenne.fr\/wp-content\/uploads\/2025\/05\/image-2-300x170.png 300w, https:\/\/mspu66-avicenne.fr\/wp-content\/uploads\/2025\/05\/image-2-768x435.png 768w\" sizes=\"(max-width: 942px) 100vw, 942px\" \/><\/figure>\n\n\n\n<p>Quelques exemples de nos projets:<\/p>\n\n\n\n<ul><li>Soins int\u00e9gr\u00e9s pour les personnes \u00e2g\u00e9es (\u200eICOPE)\u200e de l\u2019OMS &#8211; d\u00e9pistage de la fragilit\u00e9<\/li><li>Le projet LUDA (Les Usagers D&rsquo;Avicenne)<\/li><li>Exp\u00e9rimentation M\u00e9thode Patient Traceur pour les patients atteints de cancer<\/li><li>Parcours de Soins \u2013 Broncho Pneumopathie Chronique Obstructive (BPCO)<\/li><li>Prise en charge pluriprofessionnelle en MSP des Troubles du Spectre Autistique<\/li><li>Exp\u00e9rimentation T\u00e9l\u00e9dermatologie<\/li><li>Soins Primaires Environnement et Sant\u00e9 (SPES)<\/li><li>Projets de pr\u00e9vention (Mois Sans Tabac, Mars Bleu, Octobre Rose, &#8230;)<\/li><\/ul>\n\n\n\n<p>Le projet SPES \u00ab Soins Primaires Environnement et Sant\u00e9 \u00bb concerne une formation propos\u00e9e par l&rsquo;Universit\u00e9 de Montpellier via la Facult\u00e9 de M\u00e9decine et le D\u00e9partement Universitaire de M\u00e9decine G\u00e9n\u00e9rale en partenariat avec  la Maison de Sant\u00e9 Pluriprofessionnelle Universitaire Avicenne, l\u2019Agence R\u00e9gionale de Sant\u00e9 Occitanie et l&rsquo;Institut Desbrest d&rsquo;Epid\u00e9miologie et de Sant\u00e9 Publique.  Responsables p\u00e9dagogiques : Dr F. Carbonnel &#8211; Dr A. Oude Engberink<\/p>\n\n\n\n<figure class=\"wp-block-embed is-type-video is-provider-youtube wp-block-embed-youtube wp-embed-aspect-16-9 wp-has-aspect-ratio\"><div class=\"wp-block-embed__wrapper\">\n<iframe loading=\"lazy\" title=\"Formation SPES - Soins Primaires Environnement et Sant\u00e9\" width=\"843\" height=\"474\" src=\"https:\/\/www.youtube.com\/embed\/X9YHNbUmXqA?feature=oembed\" frameborder=\"0\" allow=\"accelerometer; autoplay; clipboard-write; encrypted-media; gyroscope; picture-in-picture; web-share\" referrerpolicy=\"strict-origin-when-cross-origin\" allowfullscreen><\/iframe>\n<\/div><\/figure>\n\n\n\n<p> <li>Mois Sans Tabac<\/li><\/p>\n\n\n\n<div class=\"wp-block-file\"><a href=\"https:\/\/mspu66-avicenne.fr\/wp-content\/uploads\/2024\/10\/Mois-Sans-Tabac-1.pdf\">Retour d&rsquo;exp\u00e9rience Mois Sans Tabac MSPU Avicenne \/ Onco Parcours 2023<\/a><a href=\"https:\/\/mspu66-avicenne.fr\/wp-content\/uploads\/2024\/10\/Mois-Sans-Tabac-1.pdf\" class=\"wp-block-file__button\" download>T\u00e9l\u00e9charger<\/a><\/div>\n\n\n\n<p><\/p>\n","protected":false},"excerpt":{"rendered":"<p>La MSPU Avicenne r\u00e9pond r\u00e9guli\u00e8rement aux appels \u00e0 projet (ARS, CNAM, IRESP, IRAPS, etc.). Nos projets sont r\u00e9alis\u00e9s autour de quatre axes: soins formation recherche&hellip;<\/p>\n","protected":false},"author":1,"featured_media":0,"parent":0,"menu_order":0,"comment_status":"closed","ping_status":"closed","template":"","meta":[],"_links":{"self":[{"href":"https:\/\/mspu66-avicenne.fr\/index.php?rest_route=\/wp\/v2\/pages\/580"}],"collection":[{"href":"https:\/\/mspu66-avicenne.fr\/index.php?rest_route=\/wp\/v2\/pages"}],"about":[{"href":"https:\/\/mspu66-avicenne.fr\/index.php?rest_route=\/wp\/v2\/types\/page"}],"author":[{"embeddable":true,"href":"https:\/\/mspu66-avicenne.fr\/index.php?rest_route=\/wp\/v2\/users\/1"}],"replies":[{"embeddable":true,"href":"https:\/\/mspu66-avicenne.fr\/index.php?rest_route=%2Fwp%2Fv2%2Fcomments&post=580"}],"version-history":[{"count":10,"href":"https:\/\/mspu66-avicenne.fr\/index.php?rest_route=\/wp\/v2\/pages\/580\/revisions"}],"predecessor-version":[{"id":1616,"href":"https:\/\/mspu66-avicenne.fr\/index.php?rest_route=\/wp\/v2\/pages\/580\/revisions\/1616"}],"wp:attachment":[{"href":"https:\/\/mspu66-avicenne.fr\/index.php?rest_route=%2Fwp%2Fv2%2Fmedia&parent=580"}],"curies":[{"name":"wp","href":"https:\/\/api.w.org\/{rel}","templated":true}]}}