{"id":8,"date":"2018-05-03T09:50:06","date_gmt":"2018-05-03T07:50:06","guid":{"rendered":"http:\/\/mspu66-avicenne.fr\/?page_id=8"},"modified":"2025-05-28T16:55:18","modified_gmt":"2025-05-28T14:55:18","slug":"a-propos-de","status":"publish","type":"page","link":"https:\/\/mspu66-avicenne.fr\/?page_id=8","title":{"rendered":"Le projet Avicenne"},"content":{"rendered":"\n<div class=\"wp-block-image is-style-default\"><figure class=\"alignright size-large is-resized\"><img loading=\"lazy\" src=\"http:\/\/mspu66-avicenne.fr\/wp-content\/uploads\/2021\/01\/equipeee-1024x768.jpg\" alt=\"\" class=\"wp-image-120\" width=\"415\" height=\"311\" srcset=\"https:\/\/mspu66-avicenne.fr\/wp-content\/uploads\/2021\/01\/equipeee-1024x768.jpg 1024w, https:\/\/mspu66-avicenne.fr\/wp-content\/uploads\/2021\/01\/equipeee-300x225.jpg 300w, https:\/\/mspu66-avicenne.fr\/wp-content\/uploads\/2021\/01\/equipeee-768x576.jpg 768w, https:\/\/mspu66-avicenne.fr\/wp-content\/uploads\/2021\/01\/equipeee.jpg 1280w\" sizes=\"(max-width: 415px) 100vw, 415px\" \/><figcaption> <em>Photo : inauguration labellisation MSP Universitaire Avicenne en pr\u00e9sence de M. le Doyen Pr. Michel MONDAIN<\/em>  &#8211; photo 2018 <\/figcaption><\/figure><\/div>\n\n\n<p><em><strong>La MSPU Avicenne: un mod\u00e8le universitaire au service de la sant\u00e9 de proximit\u00e9 depuis 2014<\/strong><\/em><\/p>\n<p data-start=\"277\" data-end=\"604\">La Maison de Sant\u00e9 Pluriprofessionnelle Universitaire (MSPU) Avicenne est n\u00e9e d\u2019un constat simple mais urgent: pour faire face aux enjeux croissants de la d\u00e9mographie m\u00e9dicale, de la coordination des soins et de l\u2019accompagnement des patients les plus fragiles, il est n\u00e9cessaire de repenser l\u2019organisation des soins primaires.<\/p>\n<p data-start=\"606\" data-end=\"1089\">Structure de soins, lieu de formation et de recherche, la MSPU Avicenne incarne une nouvelle mani\u00e8re de soigner\u202f: en \u00e9quipe, avec une approche globale et humaine du patient. Elle r\u00e9unit plus de 50 professionnels de sant\u00e9 issus de disciplines compl\u00e9mentaires autour d\u2019un projet commun : offrir des soins accessibles, continus et de qualit\u00e9, au plus pr\u00e8s des besoins du territoire.<\/p>\n<p data-start=\"1091\" data-end=\"1388\">La MSPU Avicenne est <strong data-start=\"1112\" data-end=\"1220\">labellis\u00e9e par l\u2019ARS et rattach\u00e9e au D\u00e9partement Universitaire de M\u00e9decine G\u00e9n\u00e9rale de Montpellier-N\u00eemes<\/strong>. Elle accueille chaque ann\u00e9e des \u00e9tudiants en sant\u00e9 (internes, externes, stagiaires de diverses disciplines) et participe activement \u00e0 la recherche en soins primaires.<\/p>\n<p data-start=\"2040\" data-end=\"2344\">La MSPU Avicenne est \u00e9galement un acteur actif du territoire, en lien \u00e9troit avec la <strong data-start=\"2125\" data-end=\"2192\">Communaut\u00e9 Professionnelle Territoriale de Sant\u00e9 (CPTS) Ruscino<\/strong>, et d\u2019autres partenaires institutionnels et associatifs. Ensemble, nous construisons une r\u00e9ponse de sant\u00e9 publique innovante, collaborative et durable.<\/p>\n<p><a href=\"http:\/\/mspu66-avicenne.fr\/?page_id=668\">Cliquez-ici pour notre charte d&rsquo;engagement.<\/a><\/p>\n<p>\u00a0<\/p>\n\n\n<p><\/p>\n\n\n\n<p>Les membres du bureau de la MSP Universitaire Avicenne:<\/p>\n\n\n\n<figure class=\"wp-block-table\"><table><tbody><tr><td>G\u00e9rant<\/td><td>M. Mark OUDE ENGBERINK<\/td><\/tr><tr><td>Pr\u00e9sidente<\/td><td>Dr. Agn\u00e8s OUDE ENGBERINK<\/td><\/tr><tr><td>Vice-pr\u00e9sident<\/td><td>Dr. Fran\u00e7ois CARBONNEL<\/td><\/tr><tr><td>Secr\u00e9taire<\/td><td>Dr. Hermine SAGUY<\/td><\/tr><tr><td>Tr\u00e9sori\u00e8re<\/td><td>Mme. Sabine ARGELES<\/td><\/tr><tr><td>Tr\u00e9sorier-adjoint<\/td><td>M. Yves MARELLI<\/td><\/tr><\/tbody><\/table><\/figure>\n","protected":false},"excerpt":{"rendered":"<p>La MSPU Avicenne: un mod\u00e8le universitaire au service de la sant\u00e9 de proximit\u00e9 depuis 2014 La Maison de Sant\u00e9 Pluriprofessionnelle Universitaire (MSPU) Avicenne est n\u00e9e&hellip;<\/p>\n","protected":false},"author":1,"featured_media":0,"parent":0,"menu_order":0,"comment_status":"closed","ping_status":"closed","template":"","meta":[],"_links":{"self":[{"href":"https:\/\/mspu66-avicenne.fr\/index.php?rest_route=\/wp\/v2\/pages\/8"}],"collection":[{"href":"https:\/\/mspu66-avicenne.fr\/index.php?rest_route=\/wp\/v2\/pages"}],"about":[{"href":"https:\/\/mspu66-avicenne.fr\/index.php?rest_route=\/wp\/v2\/types\/page"}],"author":[{"embeddable":true,"href":"https:\/\/mspu66-avicenne.fr\/index.php?rest_route=\/wp\/v2\/users\/1"}],"replies":[{"embeddable":true,"href":"https:\/\/mspu66-avicenne.fr\/index.php?rest_route=%2Fwp%2Fv2%2Fcomments&post=8"}],"version-history":[{"count":27,"href":"https:\/\/mspu66-avicenne.fr\/index.php?rest_route=\/wp\/v2\/pages\/8\/revisions"}],"predecessor-version":[{"id":1613,"href":"https:\/\/mspu66-avicenne.fr\/index.php?rest_route=\/wp\/v2\/pages\/8\/revisions\/1613"}],"wp:attachment":[{"href":"https:\/\/mspu66-avicenne.fr\/index.php?rest_route=%2Fwp%2Fv2%2Fmedia&parent=8"}],"curies":[{"name":"wp","href":"https:\/\/api.w.org\/{rel}","templated":true}]}}