{"id":800,"date":"2022-01-20T14:43:49","date_gmt":"2022-01-20T13:43:49","guid":{"rendered":"http:\/\/mspu66-avicenne.fr\/?page_id=800"},"modified":"2022-01-20T15:32:42","modified_gmt":"2022-01-20T14:32:42","slug":"questionnaire-de-satisfaction","status":"publish","type":"page","link":"https:\/\/mspu66-avicenne.fr\/?page_id=800","title":{"rendered":"Questionnaire de satisfaction"},"content":{"rendered":"\n<h2>Votre avis nous int\u00e9resse<\/h2>\n\n\n\n<p>Nous vous serions reconnaissants de bien vouloir r\u00e9pondre \u00e0 quelques questions \u00e0 propos de la MSP Universitaire Avicenne. Vos r\u00e9ponses permettront de vous proposer les services les plus adapt\u00e9s \u00e0 vos besoins et vos attentes. Pour r\u00e9pondre \u00e0 notre enqu\u00eate il vous suffit de vous remplir le questionnaire via le lien ci-dessous. Nous vous en remercions par avance.<\/p>\n\n\n\n<figure class=\"wp-block-image size-medium\"><a href=\"https:\/\/forms.office.com\/Pages\/ResponsePage.aspx?id=DQSIkWdsW0yxEjajBLZtrQAAAAAAAAAAAAFMUOEiA8hUNzhBUEIxQ0VKSkQ0NE82SlhNR1Q3Q005NC4u\"><img loading=\"lazy\" width=\"300\" height=\"74\" src=\"http:\/\/mspu66-avicenne.fr\/wp-content\/uploads\/2022\/01\/satisfaciton-300x74.jpg\" alt=\"\" class=\"wp-image-804\" srcset=\"https:\/\/mspu66-avicenne.fr\/wp-content\/uploads\/2022\/01\/satisfaciton-300x74.jpg 300w, https:\/\/mspu66-avicenne.fr\/wp-content\/uploads\/2022\/01\/satisfaciton-1024x253.jpg 1024w, https:\/\/mspu66-avicenne.fr\/wp-content\/uploads\/2022\/01\/satisfaciton-768x190.jpg 768w, https:\/\/mspu66-avicenne.fr\/wp-content\/uploads\/2022\/01\/satisfaciton.jpg 1458w\" sizes=\"(max-width: 300px) 100vw, 300px\" \/><\/a><\/figure>\n\n\n\n<p><\/p>\n\n\n\n<h2>Google avis <\/h2>\n\n\n\n<p>Il est \u00e9galement possible de laisser votre avis sur Google.&nbsp;<\/p>\n\n\n\n<figure class=\"wp-block-image size-medium\"><a href=\"https:\/\/g.page\/r\/CfTYdM3vQbczEAg\/review\"><img loading=\"lazy\" width=\"300\" height=\"167\" src=\"http:\/\/mspu66-avicenne.fr\/wp-content\/uploads\/2022\/01\/google-avis-300x167.jpg\" alt=\"\" class=\"wp-image-801\" srcset=\"https:\/\/mspu66-avicenne.fr\/wp-content\/uploads\/2022\/01\/google-avis-300x167.jpg 300w, https:\/\/mspu66-avicenne.fr\/wp-content\/uploads\/2022\/01\/google-avis-1024x569.jpg 1024w, https:\/\/mspu66-avicenne.fr\/wp-content\/uploads\/2022\/01\/google-avis-768x427.jpg 768w, https:\/\/mspu66-avicenne.fr\/wp-content\/uploads\/2022\/01\/google-avis.jpg 1080w\" sizes=\"(max-width: 300px) 100vw, 300px\" \/><\/a><\/figure>\n\n\n\n<p><\/p>\n","protected":false},"excerpt":{"rendered":"<p>Votre avis nous int\u00e9resse Nous vous serions reconnaissants de bien vouloir r\u00e9pondre \u00e0 quelques questions \u00e0 propos de la MSP Universitaire Avicenne. Vos r\u00e9ponses permettront&hellip;<\/p>\n","protected":false},"author":1,"featured_media":0,"parent":0,"menu_order":0,"comment_status":"closed","ping_status":"closed","template":"","meta":[],"_links":{"self":[{"href":"https:\/\/mspu66-avicenne.fr\/index.php?rest_route=\/wp\/v2\/pages\/800"}],"collection":[{"href":"https:\/\/mspu66-avicenne.fr\/index.php?rest_route=\/wp\/v2\/pages"}],"about":[{"href":"https:\/\/mspu66-avicenne.fr\/index.php?rest_route=\/wp\/v2\/types\/page"}],"author":[{"embeddable":true,"href":"https:\/\/mspu66-avicenne.fr\/index.php?rest_route=\/wp\/v2\/users\/1"}],"replies":[{"embeddable":true,"href":"https:\/\/mspu66-avicenne.fr\/index.php?rest_route=%2Fwp%2Fv2%2Fcomments&post=800"}],"version-history":[{"count":4,"href":"https:\/\/mspu66-avicenne.fr\/index.php?rest_route=\/wp\/v2\/pages\/800\/revisions"}],"predecessor-version":[{"id":808,"href":"https:\/\/mspu66-avicenne.fr\/index.php?rest_route=\/wp\/v2\/pages\/800\/revisions\/808"}],"wp:attachment":[{"href":"https:\/\/mspu66-avicenne.fr\/index.php?rest_route=%2Fwp%2Fv2%2Fmedia&parent=800"}],"curies":[{"name":"wp","href":"https:\/\/api.w.org\/{rel}","templated":true}]}}