{"id":864,"date":"2022-03-29T15:20:12","date_gmt":"2022-03-29T13:20:12","guid":{"rendered":"http:\/\/mspu66-avicenne.fr\/?page_id=864"},"modified":"2022-05-09T18:49:17","modified_gmt":"2022-05-09T16:49:17","slug":"asalee","status":"publish","type":"page","link":"https:\/\/mspu66-avicenne.fr\/?page_id=864","title":{"rendered":"Asal\u00e9e"},"content":{"rendered":"\n<p>La Maison de Sant\u00e9 Pluriprofessionnelle Universitaire Avicenne vous offre la possibilit\u00e9 d\u2019un suivi par une infirmi\u00e8re Asal\u00e9e (Action de sant\u00e9 lib\u00e9rale en \u00e9quipe). <\/p>\n\n\n\n<p>Il s\u2019agit d\u2019un accompagnement en lien avec&nbsp;:<\/p>\n\n\n\n<p>&#8211; votre diab\u00e8te<\/p>\n\n\n\n<p>&#8211; votre hyper-tension art\u00e9rielle<\/p>\n\n\n\n<p>&#8211; votre dyslipid\u00e9mie<\/p>\n\n\n\n<p>&#8211; votre surpoids<\/p>\n\n\n\n<p>&#8211; votre d\u00e9sir d\u2019arr\u00eater de fumer<\/p>\n\n\n\n<p>Cet accompagnement est non payant.<\/p>\n\n\n\n<p>Ces consultations sont principalement ax\u00e9es sur l\u2019\u00e9ducation th\u00e9rapeutique des patients et le&nbsp;renforcement de leur motivation, la promotion des mesures d\u2019hygi\u00e8ne alimentaire et de l\u2019exercice physique. L\u2019infirmi\u00e8re v\u00e9rifie \u00e9galement le bon d\u00e9roulement du plan de soin (consultations de sp\u00e9cialistes, examens compl\u00e9mentaires prescrits). Elle peut \u00e9galement dans ce cadre r\u00e9aliser des spirom\u00e9tries.<\/p>\n\n\n\n<p>Pour de plus amples informations, vous pouvez en parler avec votre m\u00e9decin traitant ou prendre rendez-vous avec Mme Sabine ARGELES, notre infirmi\u00e8re Asal\u00e9e d\u00e9di\u00e9e \u00e0 ce programme.<\/p>\n\n\n\n<div class=\"wp-block-columns\">\n<div class=\"wp-block-column has-black-color has-white-background-color has-text-color has-background\">\n<figure class=\"wp-block-video\"><video controls poster=\"http:\/\/mspu66-avicenne.fr\/wp-content\/uploads\/2022\/05\/Presentation-dispositif-Asalee.png\" src=\"http:\/\/mspu66-avicenne.fr\/wp-content\/uploads\/2022\/03\/asaleegeneral-mb-qualiteeeeeee.mp4\" playsinline><\/video><\/figure>\n<\/div>\n<\/div>\n\n\n\n<div class=\"wp-block-columns has-black-color has-light-green-cyan-background-color has-text-color has-background\">\n<div class=\"wp-block-column\" style=\"flex-basis:50%\">\n<figure class=\"wp-block-video\"><video controls poster=\"http:\/\/mspu66-avicenne.fr\/wp-content\/uploads\/2022\/03\/Equilibre-Alimentaire.png\" src=\"http:\/\/mspu66-avicenne.fr\/wp-content\/uploads\/2022\/03\/asalee-alimentaire.mp4\"><\/video><figcaption>Equilibre alimentaire<\/figcaption><\/figure>\n\n\n\n<figure class=\"wp-block-video\"><video controls poster=\"http:\/\/mspu66-avicenne.fr\/wp-content\/uploads\/2022\/03\/Equilibre-Alimentaire-1.png\" preload=\"auto\" src=\"http:\/\/mspu66-avicenne.fr\/wp-content\/uploads\/2022\/03\/ateliermarche-2.mp4\"><\/video><figcaption>Atelier marche<\/figcaption><\/figure>\n<\/div>\n\n\n\n<div class=\"wp-block-column has-black-color has-light-green-cyan-background-color has-text-color has-background\" style=\"flex-basis:50%\">\n<figure class=\"wp-block-video\"><video controls poster=\"http:\/\/mspu66-avicenne.fr\/wp-content\/uploads\/2022\/03\/Equilibre-Alimentaire-2.png\" src=\"http:\/\/mspu66-avicenne.fr\/wp-content\/uploads\/2022\/03\/arretdutabac.mp4\"><\/video><figcaption>Sevrage tabagique<\/figcaption><\/figure>\n\n\n\n<figure class=\"wp-block-video\"><video controls poster=\"http:\/\/mspu66-avicenne.fr\/wp-content\/uploads\/2022\/03\/Equilibre-Alimentaire-6.png\" src=\"http:\/\/mspu66-avicenne.fr\/wp-content\/uploads\/2022\/03\/asaleemaladierespi.mp4\"><\/video><figcaption>D\u00e9pistage maladies respiratoires<\/figcaption><\/figure>\n<\/div>\n<\/div>\n","protected":false},"excerpt":{"rendered":"<p>La Maison de Sant\u00e9 Pluriprofessionnelle Universitaire Avicenne vous offre la possibilit\u00e9 d\u2019un suivi par une infirmi\u00e8re Asal\u00e9e (Action de sant\u00e9 lib\u00e9rale en \u00e9quipe). Il s\u2019agit&hellip;<\/p>\n","protected":false},"author":1,"featured_media":0,"parent":0,"menu_order":0,"comment_status":"closed","ping_status":"closed","template":"","meta":[],"_links":{"self":[{"href":"https:\/\/mspu66-avicenne.fr\/index.php?rest_route=\/wp\/v2\/pages\/864"}],"collection":[{"href":"https:\/\/mspu66-avicenne.fr\/index.php?rest_route=\/wp\/v2\/pages"}],"about":[{"href":"https:\/\/mspu66-avicenne.fr\/index.php?rest_route=\/wp\/v2\/types\/page"}],"author":[{"embeddable":true,"href":"https:\/\/mspu66-avicenne.fr\/index.php?rest_route=\/wp\/v2\/users\/1"}],"replies":[{"embeddable":true,"href":"https:\/\/mspu66-avicenne.fr\/index.php?rest_route=%2Fwp%2Fv2%2Fcomments&post=864"}],"version-history":[{"count":13,"href":"https:\/\/mspu66-avicenne.fr\/index.php?rest_route=\/wp\/v2\/pages\/864\/revisions"}],"predecessor-version":[{"id":946,"href":"https:\/\/mspu66-avicenne.fr\/index.php?rest_route=\/wp\/v2\/pages\/864\/revisions\/946"}],"wp:attachment":[{"href":"https:\/\/mspu66-avicenne.fr\/index.php?rest_route=%2Fwp%2Fv2%2Fmedia&parent=864"}],"curies":[{"name":"wp","href":"https:\/\/api.w.org\/{rel}","templated":true}]}}