{"id":9,"date":"2018-05-03T09:50:06","date_gmt":"2018-05-03T07:50:06","guid":{"rendered":"http:\/\/mspu66-avicenne.fr\/?page_id=9"},"modified":"2024-06-10T11:18:18","modified_gmt":"2024-06-10T09:18:18","slug":"contact","status":"publish","type":"page","link":"https:\/\/mspu66-avicenne.fr\/?page_id=9","title":{"rendered":"Contact"},"content":{"rendered":"\n<div class=\"wp-block-columns\">\n<div class=\"wp-block-column\" style=\"flex-basis:100%\">\n<h2>Adresse<\/h2>\n\n\n\n<p class=\"has-text-align-left\">Maison de Sant\u00e9 Pluriprofessionnelle Universitaire Avicenne<\/p>\n\n\n\n<p class=\"has-text-align-left\">2 Rue Ibn Sina\u00ef dit Avicenne<\/p>\n\n\n\n<p class=\"has-text-align-left\">66330 Cabestany<\/p>\n\n\n\n<p class=\"has-text-align-left\">T\u00e9l: 04 26 03 06 90   \/ Fax : 04 26 03 06 99<\/p>\n\n\n\n<p class=\"has-text-align-left\">secretariat@mspu66-avicenne.fr (ne pas utiliser cette adresse pour vos demandes de rdv, ordonnances, certificats ou autre)<\/p>\n\n\n\n<p><\/p>\n\n\n\n<h2>Horaires d&rsquo;ouverture de notre secr\u00e9tariat<\/h2>\n\n\n\n<p>Lundi au vendredi <\/p>\n\n\n\n<p>8h30 &#8211; 12h<\/p>\n\n\n\n<p>14h &#8211; 18h30<\/p>\n\n\n\n<p><\/p>\n\n\n\n<h2>Acc\u00e8s <\/h2>\n\n\n\n<p>Les locaux de la MSP U Avicenne sont accessibles aux personnes&nbsp;\u00e0&nbsp;mobilit\u00e9 r\u00e9duite et il est desservi par la ligne de bus n\u00b01 (arr\u00eat Valiente).<\/p>\n\n\n\n<div class=\"wp-block-image\"><figure class=\"aligncenter size-large is-resized\"><img loading=\"lazy\" src=\"http:\/\/mspu66-avicenne.fr\/wp-content\/uploads\/2021\/03\/valiente-2-710x1024.png\" alt=\"\" class=\"wp-image-385\" width=\"290\" height=\"419\" srcset=\"https:\/\/mspu66-avicenne.fr\/wp-content\/uploads\/2021\/03\/valiente-2-710x1024.png 710w, https:\/\/mspu66-avicenne.fr\/wp-content\/uploads\/2021\/03\/valiente-2-208x300.png 208w, https:\/\/mspu66-avicenne.fr\/wp-content\/uploads\/2021\/03\/valiente-2.png 759w\" sizes=\"(max-width: 290px) 100vw, 290px\" \/><\/figure><\/div>\n\n\n\n<p><\/p>\n<\/div>\n<\/div>\n","protected":false},"excerpt":{"rendered":"<p>Adresse Maison de Sant\u00e9 Pluriprofessionnelle Universitaire Avicenne 2 Rue Ibn Sina\u00ef dit Avicenne 66330 Cabestany T\u00e9l: 04 26 03 06 90 \/ Fax : 04&hellip;<\/p>\n","protected":false},"author":1,"featured_media":117,"parent":0,"menu_order":0,"comment_status":"closed","ping_status":"closed","template":"","meta":[],"_links":{"self":[{"href":"https:\/\/mspu66-avicenne.fr\/index.php?rest_route=\/wp\/v2\/pages\/9"}],"collection":[{"href":"https:\/\/mspu66-avicenne.fr\/index.php?rest_route=\/wp\/v2\/pages"}],"about":[{"href":"https:\/\/mspu66-avicenne.fr\/index.php?rest_route=\/wp\/v2\/types\/page"}],"author":[{"embeddable":true,"href":"https:\/\/mspu66-avicenne.fr\/index.php?rest_route=\/wp\/v2\/users\/1"}],"replies":[{"embeddable":true,"href":"https:\/\/mspu66-avicenne.fr\/index.php?rest_route=%2Fwp%2Fv2%2Fcomments&post=9"}],"version-history":[{"count":25,"href":"https:\/\/mspu66-avicenne.fr\/index.php?rest_route=\/wp\/v2\/pages\/9\/revisions"}],"predecessor-version":[{"id":1454,"href":"https:\/\/mspu66-avicenne.fr\/index.php?rest_route=\/wp\/v2\/pages\/9\/revisions\/1454"}],"wp:featuredmedia":[{"embeddable":true,"href":"https:\/\/mspu66-avicenne.fr\/index.php?rest_route=\/wp\/v2\/media\/117"}],"wp:attachment":[{"href":"https:\/\/mspu66-avicenne.fr\/index.php?rest_route=%2Fwp%2Fv2%2Fmedia&parent=9"}],"curies":[{"name":"wp","href":"https:\/\/api.w.org\/{rel}","templated":true}]}}